{"id":12,"date":"2025-11-21T20:11:05","date_gmt":"2025-11-21T20:11:05","guid":{"rendered":"http:\/\/coldcuts.fr\/?page_id=12"},"modified":"2026-03-22T07:14:10","modified_gmt":"2026-03-22T07:14:10","slug":"le-spectacle","status":"publish","type":"page","link":"https:\/\/coldcuts.fr\/?page_id=12","title":{"rendered":"Spectacle"},"content":{"rendered":"\t\t<div data-elementor-type=\"wp-page\" data-elementor-id=\"12\" class=\"elementor elementor-12\">\n\t\t\t\t<div class=\"elementor-element elementor-element-7b31be5 e-flex e-con-boxed e-con e-parent\" data-id=\"7b31be5\" data-element_type=\"container\">\n\t\t\t\t\t<div class=\"e-con-inner\">\n\t\t\t\t<div class=\"elementor-element elementor-element-b58e3cc elementor-widget elementor-widget-heading\" data-id=\"b58e3cc\" data-element_type=\"widget\" data-widget_type=\"heading.default\">\n\t\t\t\t\t<h2 class=\"elementor-heading-title elementor-size-default\">\nCold Cuts de Linda McLean\n<\/h2>\t\t\t\t<\/div>\n\t\t\t\t\t<\/div>\n\t\t\t\t<\/div>\n\t\t<div class=\"elementor-element elementor-element-dae33bf e-flex e-con-boxed e-con e-parent\" data-id=\"dae33bf\" data-element_type=\"container\">\n\t\t\t\t\t<div class=\"e-con-inner\">\n\t\t\t\t<div class=\"elementor-element elementor-element-6a72bd3 elementor-widget elementor-widget-heading\" data-id=\"6a72bd3\" data-element_type=\"widget\" data-widget_type=\"heading.default\">\n\t\t\t\t\t<h5 class=\"elementor-heading-title elementor-size-default\">\nCr\u00e9ation fran\u00e7aise\n<\/h5>\t\t\t\t<\/div>\n\t\t\t\t\t<\/div>\n\t\t\t\t<\/div>\n\t\t<div class=\"elementor-element elementor-element-7bf7844 e-flex e-con-boxed e-con e-parent\" data-id=\"7bf7844\" data-element_type=\"container\">\n\t\t\t\t\t<div class=\"e-con-inner\">\n\t\t\t\t<div class=\"elementor-element elementor-element-5ea8757 elementor-widget elementor-widget-text-editor\" data-id=\"5ea8757\" data-element_type=\"widget\" data-widget_type=\"text-editor.default\">\n\t\t\t\t\t\t\t\t\t<p>Un couple. Molly et Ian sont dans la cuisine. Molly semble avoir commis l&rsquo;irr\u00e9parable. <br \/>Qu&rsquo;a-t-elle fait ? Est-ce si grave ?<br \/>Command\u00e9e par Amnesty International, cette pi\u00e8ce autobiographique propose une dissection implacable des m\u00e9canismes de domination et d&#8217;emprise, au plus pr\u00e8s du ressenti de Molly. Quelle issue pourra-t-elle trouver ? Elle n&rsquo;a jamais eu aussi peur. <br \/>La tension est permanente. <br \/>Une immersion dans un thriller &#8211; h\u00e9las &#8211; quotidien.<\/p>\t\t\t\t\t\t\t\t<\/div>\n\t\t\t\t\t<\/div>\n\t\t\t\t<\/div>\n\t\t<div class=\"elementor-element elementor-element-23b4858 e-flex e-con-boxed e-con e-parent\" data-id=\"23b4858\" data-element_type=\"container\">\n\t\t\t\t\t<div class=\"e-con-inner\">\n\t\t\t\t<div class=\"elementor-element elementor-element-0f139f1 elementor-widget elementor-widget-text-editor\" data-id=\"0f139f1\" data-element_type=\"widget\" data-widget_type=\"text-editor.default\">\n\t\t\t\t\t\t\t\t\t<div class=\"elementor-element elementor-element-92a52f8 e-flex e-con-boxed e-con e-parent e-lazyloaded\" data-id=\"92a52f8\" data-element_type=\"container\"><div class=\"e-con-inner\"><div class=\"elementor-element elementor-element-181682f elementor-widget elementor-widget-text-editor\" data-id=\"181682f\" data-element_type=\"widget\" data-widget_type=\"text-editor.default\"><blockquote><pre><span style=\"color: #339966;\"><em>EN \u00c9CRIVANT AUJOURD\u2019HUI,<\/em><\/span><br \/><span style=\"color: #339966;\"><em>J\u2019AI L\u2019IMPRESSION DE RETOURNER <\/em><\/span><br \/><span style=\"color: #339966;\"><em>DANS LE PUITS O\u00d9 CETTE AGRESSION M\u2019A ENFERM\u00c9E,<\/em><\/span><br \/><span style=\"color: #339966;\"><em>DE ME TENDRE LA MAIN ET DE ME TIRER HORS DE L\u2019OBSCURIT\u00c9. <\/em><\/span><br \/><span style=\"color: #339966;\"><em>Judith Chemla, Notre silence nous a laiss\u00e9es seules<\/em><\/span><\/pre><\/blockquote><\/div><\/div><\/div>\t\t\t\t\t\t\t\t<\/div>\n\t\t\t\t\t<\/div>\n\t\t\t\t<\/div>\n\t\t<div class=\"elementor-element elementor-element-11759b7 e-flex e-con-boxed e-con e-parent\" data-id=\"11759b7\" data-element_type=\"container\">\n\t\t\t\t\t<div class=\"e-con-inner\">\n\t\t\t\t<div class=\"elementor-element elementor-element-8331d39 elementor-widget elementor-widget-text-editor\" data-id=\"8331d39\" data-element_type=\"widget\" data-widget_type=\"text-editor.default\">\n\t\t\t\t\t\t\t\t\t<div>Le dispositif sc\u00e9nique invite les spectateurs dans la cuisine. Au plus pr\u00e8s de l&rsquo;actrice et de l&rsquo;acteur, le public est amen\u00e9 \u00e0 ressentir le trouble qui envahit Molly, \u00e0 comprendre la m\u00e9canique mise en place et ses r\u00e9percussions.<\/div>\t\t\t\t\t\t\t\t<\/div>\n\t\t\t\t\t<\/div>\n\t\t\t\t<\/div>\n\t\t<div class=\"elementor-element elementor-element-d12ac10 e-flex e-con-boxed e-con e-parent\" data-id=\"d12ac10\" data-element_type=\"container\">\n\t\t\t\t\t<div class=\"e-con-inner\">\n\t\t\t\t<div class=\"elementor-element elementor-element-f56fe98 elementor-widget elementor-widget-text-editor\" data-id=\"f56fe98\" data-element_type=\"widget\" data-widget_type=\"text-editor.default\">\n\t\t\t\t\t\t\t\t\t<p>T\u00e9l\u00e9charger <a href=\"https:\/\/coldcuts.fr\/wp-content\/uploads\/2026\/03\/Cold-cuts-dossier10-1.pdf\"><span style=\"text-decoration: underline;\"><span style=\"color: #339966; text-decoration: underline;\">Cold-cuts-dossier<\/span><\/span><\/a><\/p>\t\t\t\t\t\t\t\t<\/div>\n\t\t\t\t\t<\/div>\n\t\t\t\t<\/div>\n\t\t<div class=\"elementor-element elementor-element-0d1f9ed e-flex e-con-boxed e-con e-parent\" data-id=\"0d1f9ed\" data-element_type=\"container\">\n\t\t\t\t\t<div class=\"e-con-inner\">\n\t\t\t\t<div class=\"elementor-element elementor-element-fa1a85c elementor-widget elementor-widget-video\" data-id=\"fa1a85c\" data-element_type=\"widget\" data-settings=\"{&quot;youtube_url&quot;:&quot;https:\\\/\\\/www.youtube.com\\\/watch?v=EcurH7InMeo&quot;,&quot;video_type&quot;:&quot;youtube&quot;,&quot;controls&quot;:&quot;yes&quot;}\" data-widget_type=\"video.default\">\n\t\t\t\t\t\t\t<div class=\"elementor-wrapper elementor-open-inline\">\n\t\t\t<div class=\"elementor-video\"><\/div>\t\t<\/div>\n\t\t\t\t\t\t<\/div>\n\t\t\t\t\t<\/div>\n\t\t\t\t<\/div>\n\t\t<div class=\"elementor-element elementor-element-c6e3077 e-flex e-con-boxed e-con e-parent\" data-id=\"c6e3077\" data-element_type=\"container\">\n\t\t\t\t\t<div class=\"e-con-inner\">\n\t\t\t\t<div class=\"elementor-element elementor-element-74288b3 elementor-widget elementor-widget-text-editor\" data-id=\"74288b3\" data-element_type=\"widget\" data-widget_type=\"text-editor.default\">\n\t\t\t\t\t\t\t\t\t<p>Texte <strong>Linda McLean<\/strong><br \/>Texte fran\u00e7ais <strong>Blandine P\u00e9lissier<\/strong> et <strong>Sarah Vermande<\/strong><br \/>\u00c9ditions <strong>Le P\u00f4ticha<\/strong><\/p><p>Avec <strong>Amandine du Rivau<\/strong> et <strong>R\u00e9gis Lux<\/strong><\/p><p>Sc\u00e9nographie &#8211; <strong>Alix Mercier<\/strong><br \/>Cr\u00e9ation lumi\u00e8res &#8211;\u00a0 <strong>Julie Malka<\/strong><\/p><p>Attach\u00e9 de presse: <strong>ZEF &#8211; Isabelle Muraour<\/strong><\/p><p class=\"description-title\">Contact diffusion : <strong>Bureau Rustine &#8211; Jean-Luc Weinich<\/strong><\/p><p>Photos et Teaser: <strong>\u00c9ric Damiano<\/strong><br \/>Graphiste: <strong>(J\u00d6) <span style=\"color: #339966;\"><a style=\"color: #339966;\" href=\"http:\/\/jo-o.fr\">jo-o.fr<\/a><\/span><\/strong><\/p><p>Cie Memento Anima &amp; Cie Voie A<br \/>Coproduction<br \/><strong>La Cave Po\u00e9sie<\/strong> &#8211; Toulouse<br \/>Soutien \u00e0 la r\u00e9sidence<br \/><strong>Th\u00e9\u00e2tre Joliette<\/strong> &#8211; Marseille<br \/>(Production en cours)<\/p><p>Dur\u00e9e : 50min + 30min \u00e9change obligatoire<\/p>\t\t\t\t\t\t\t\t<\/div>\n\t\t\t\t\t<\/div>\n\t\t\t\t<\/div>\n\t\t\t\t<\/div>\n\t\t","protected":false},"excerpt":{"rendered":"<p>Cold Cuts de Linda McLean Cr\u00e9ation fran\u00e7aise Un couple. Molly et Ian sont dans la cuisine. Molly semble avoir commis l&rsquo;irr\u00e9parable. Qu&rsquo;a-t-elle fait ? Est-ce si grave ?Command\u00e9e par Amnesty International, cette pi\u00e8ce autobiographique propose une dissection implacable des m\u00e9canismes de domination et d&#8217;emprise, au plus pr\u00e8s du ressenti de Molly. Quelle issue pourra-t-elle trouver [&hellip;]<\/p>\n","protected":false},"author":1,"featured_media":0,"parent":0,"menu_order":0,"comment_status":"closed","ping_status":"closed","template":"","meta":{"footnotes":""},"class_list":["post-12","page","type-page","status-publish","hentry"],"yoast_head":"<!-- This site is optimized with the Yoast SEO plugin v26.8 - https:\/\/yoast.com\/product\/yoast-seo-wordpress\/ -->\n<title>Spectacle - Accueil<\/title>\n<meta name=\"robots\" content=\"index, follow, max-snippet:-1, max-image-preview:large, max-video-preview:-1\" \/>\n<link rel=\"canonical\" href=\"https:\/\/coldcuts.fr\/?page_id=12\" \/>\n<meta property=\"og:locale\" content=\"fr_FR\" \/>\n<meta property=\"og:type\" content=\"article\" \/>\n<meta property=\"og:title\" content=\"Spectacle - Accueil\" \/>\n<meta property=\"og:description\" content=\"Cold Cuts de Linda McLean Cr\u00e9ation fran\u00e7aise Un couple. Molly et Ian sont dans la cuisine. Molly semble avoir commis l&rsquo;irr\u00e9parable. Qu&rsquo;a-t-elle fait ? Est-ce si grave ?Command\u00e9e par Amnesty International, cette pi\u00e8ce autobiographique propose une dissection implacable des m\u00e9canismes de domination et d&#8217;emprise, au plus pr\u00e8s du ressenti de Molly. Quelle issue pourra-t-elle trouver [&hellip;]\" \/>\n<meta property=\"og:url\" content=\"https:\/\/coldcuts.fr\/?page_id=12\" \/>\n<meta property=\"og:site_name\" content=\"Accueil\" \/>\n<meta property=\"article:modified_time\" content=\"2026-03-22T07:14:10+00:00\" \/>\n<meta name=\"twitter:card\" content=\"summary_large_image\" \/>\n<meta name=\"twitter:label1\" content=\"Dur\u00e9e de lecture estim\u00e9e\" \/>\n\t<meta name=\"twitter:data1\" content=\"1 minute\" \/>\n<script type=\"application\/ld+json\" class=\"yoast-schema-graph\">{\"@context\":\"https:\/\/schema.org\",\"@graph\":[{\"@type\":\"WebPage\",\"@id\":\"https:\/\/coldcuts.fr\/?page_id=12\",\"url\":\"https:\/\/coldcuts.fr\/?page_id=12\",\"name\":\"Spectacle - Accueil\",\"isPartOf\":{\"@id\":\"https:\/\/coldcuts.fr\/#website\"},\"datePublished\":\"2025-11-21T20:11:05+00:00\",\"dateModified\":\"2026-03-22T07:14:10+00:00\",\"breadcrumb\":{\"@id\":\"https:\/\/coldcuts.fr\/?page_id=12#breadcrumb\"},\"inLanguage\":\"fr-FR\",\"potentialAction\":[{\"@type\":\"ReadAction\",\"target\":[\"https:\/\/coldcuts.fr\/?page_id=12\"]}]},{\"@type\":\"BreadcrumbList\",\"@id\":\"https:\/\/coldcuts.fr\/?page_id=12#breadcrumb\",\"itemListElement\":[{\"@type\":\"ListItem\",\"position\":1,\"name\":\"Accueil\",\"item\":\"https:\/\/coldcuts.fr\/\"},{\"@type\":\"ListItem\",\"position\":2,\"name\":\"Spectacle\"}]},{\"@type\":\"WebSite\",\"@id\":\"https:\/\/coldcuts.fr\/#website\",\"url\":\"https:\/\/coldcuts.fr\/\",\"name\":\"Cold Cuts\",\"description\":\"\",\"publisher\":{\"@id\":\"https:\/\/coldcuts.fr\/#organization\"},\"potentialAction\":[{\"@type\":\"SearchAction\",\"target\":{\"@type\":\"EntryPoint\",\"urlTemplate\":\"https:\/\/coldcuts.fr\/?s={search_term_string}\"},\"query-input\":{\"@type\":\"PropertyValueSpecification\",\"valueRequired\":true,\"valueName\":\"search_term_string\"}}],\"inLanguage\":\"fr-FR\"},{\"@type\":\"Organization\",\"@id\":\"https:\/\/coldcuts.fr\/#organization\",\"name\":\"Cold Cuts\",\"url\":\"https:\/\/coldcuts.fr\/\",\"logo\":{\"@type\":\"ImageObject\",\"inLanguage\":\"fr-FR\",\"@id\":\"https:\/\/coldcuts.fr\/#\/schema\/logo\/image\/\",\"url\":\"https:\/\/coldcuts.fr\/wp-content\/uploads\/2026\/02\/cropped-COLDCUTS-260106-A4-WEB.jpg\",\"contentUrl\":\"https:\/\/coldcuts.fr\/wp-content\/uploads\/2026\/02\/cropped-COLDCUTS-260106-A4-WEB.jpg\",\"width\":1409,\"height\":1425,\"caption\":\"Cold Cuts\"},\"image\":{\"@id\":\"https:\/\/coldcuts.fr\/#\/schema\/logo\/image\/\"}}]}<\/script>\n<!-- \/ Yoast SEO plugin. -->","yoast_head_json":{"title":"Spectacle - Accueil","robots":{"index":"index","follow":"follow","max-snippet":"max-snippet:-1","max-image-preview":"max-image-preview:large","max-video-preview":"max-video-preview:-1"},"canonical":"https:\/\/coldcuts.fr\/?page_id=12","og_locale":"fr_FR","og_type":"article","og_title":"Spectacle - Accueil","og_description":"Cold Cuts de Linda McLean Cr\u00e9ation fran\u00e7aise Un couple. Molly et Ian sont dans la cuisine. Molly semble avoir commis l&rsquo;irr\u00e9parable. Qu&rsquo;a-t-elle fait ? Est-ce si grave ?Command\u00e9e par Amnesty International, cette pi\u00e8ce autobiographique propose une dissection implacable des m\u00e9canismes de domination et d&#8217;emprise, au plus pr\u00e8s du ressenti de Molly. Quelle issue pourra-t-elle trouver [&hellip;]","og_url":"https:\/\/coldcuts.fr\/?page_id=12","og_site_name":"Accueil","article_modified_time":"2026-03-22T07:14:10+00:00","twitter_card":"summary_large_image","twitter_misc":{"Dur\u00e9e de lecture estim\u00e9e":"1 minute"},"schema":{"@context":"https:\/\/schema.org","@graph":[{"@type":"WebPage","@id":"https:\/\/coldcuts.fr\/?page_id=12","url":"https:\/\/coldcuts.fr\/?page_id=12","name":"Spectacle - Accueil","isPartOf":{"@id":"https:\/\/coldcuts.fr\/#website"},"datePublished":"2025-11-21T20:11:05+00:00","dateModified":"2026-03-22T07:14:10+00:00","breadcrumb":{"@id":"https:\/\/coldcuts.fr\/?page_id=12#breadcrumb"},"inLanguage":"fr-FR","potentialAction":[{"@type":"ReadAction","target":["https:\/\/coldcuts.fr\/?page_id=12"]}]},{"@type":"BreadcrumbList","@id":"https:\/\/coldcuts.fr\/?page_id=12#breadcrumb","itemListElement":[{"@type":"ListItem","position":1,"name":"Accueil","item":"https:\/\/coldcuts.fr\/"},{"@type":"ListItem","position":2,"name":"Spectacle"}]},{"@type":"WebSite","@id":"https:\/\/coldcuts.fr\/#website","url":"https:\/\/coldcuts.fr\/","name":"Cold Cuts","description":"","publisher":{"@id":"https:\/\/coldcuts.fr\/#organization"},"potentialAction":[{"@type":"SearchAction","target":{"@type":"EntryPoint","urlTemplate":"https:\/\/coldcuts.fr\/?s={search_term_string}"},"query-input":{"@type":"PropertyValueSpecification","valueRequired":true,"valueName":"search_term_string"}}],"inLanguage":"fr-FR"},{"@type":"Organization","@id":"https:\/\/coldcuts.fr\/#organization","name":"Cold Cuts","url":"https:\/\/coldcuts.fr\/","logo":{"@type":"ImageObject","inLanguage":"fr-FR","@id":"https:\/\/coldcuts.fr\/#\/schema\/logo\/image\/","url":"https:\/\/coldcuts.fr\/wp-content\/uploads\/2026\/02\/cropped-COLDCUTS-260106-A4-WEB.jpg","contentUrl":"https:\/\/coldcuts.fr\/wp-content\/uploads\/2026\/02\/cropped-COLDCUTS-260106-A4-WEB.jpg","width":1409,"height":1425,"caption":"Cold Cuts"},"image":{"@id":"https:\/\/coldcuts.fr\/#\/schema\/logo\/image\/"}}]}},"_links":{"self":[{"href":"https:\/\/coldcuts.fr\/index.php?rest_route=\/wp\/v2\/pages\/12","targetHints":{"allow":["GET"]}}],"collection":[{"href":"https:\/\/coldcuts.fr\/index.php?rest_route=\/wp\/v2\/pages"}],"about":[{"href":"https:\/\/coldcuts.fr\/index.php?rest_route=\/wp\/v2\/types\/page"}],"author":[{"embeddable":true,"href":"https:\/\/coldcuts.fr\/index.php?rest_route=\/wp\/v2\/users\/1"}],"replies":[{"embeddable":true,"href":"https:\/\/coldcuts.fr\/index.php?rest_route=%2Fwp%2Fv2%2Fcomments&post=12"}],"version-history":[{"count":107,"href":"https:\/\/coldcuts.fr\/index.php?rest_route=\/wp\/v2\/pages\/12\/revisions"}],"predecessor-version":[{"id":725,"href":"https:\/\/coldcuts.fr\/index.php?rest_route=\/wp\/v2\/pages\/12\/revisions\/725"}],"wp:attachment":[{"href":"https:\/\/coldcuts.fr\/index.php?rest_route=%2Fwp%2Fv2%2Fmedia&parent=12"}],"curies":[{"name":"wp","href":"https:\/\/api.w.org\/{rel}","templated":true}]}}