{"id":70,"date":"2025-11-21T21:45:53","date_gmt":"2025-11-21T21:45:53","guid":{"rendered":"http:\/\/coldcuts.fr\/?page_id=70"},"modified":"2026-04-17T09:20:40","modified_gmt":"2026-04-17T09:20:40","slug":"vos-retours","status":"publish","type":"page","link":"https:\/\/coldcuts.fr\/?page_id=70","title":{"rendered":"Vos retours"},"content":{"rendered":"\t\t<div data-elementor-type=\"wp-page\" data-elementor-id=\"70\" class=\"elementor elementor-70\">\n\t\t\t\t<div class=\"elementor-element elementor-element-6bcd60b e-flex e-con-boxed e-con e-parent\" data-id=\"6bcd60b\" data-element_type=\"container\">\n\t\t\t\t\t<div class=\"e-con-inner\">\n\t\t\t\t<div class=\"elementor-element elementor-element-f41d245 elementor-widget elementor-widget-heading\" data-id=\"f41d245\" data-element_type=\"widget\" data-widget_type=\"heading.default\">\n\t\t\t\t\t<h2 class=\"elementor-heading-title elementor-size-default\">Vos retours<\/h2>\t\t\t\t<\/div>\n\t\t\t\t\t<\/div>\n\t\t\t\t<\/div>\n\t\t<div class=\"elementor-element elementor-element-4f4d128 e-flex e-con-boxed e-con e-parent\" data-id=\"4f4d128\" data-element_type=\"container\">\n\t\t\t\t\t<div class=\"e-con-inner\">\n\t\t\t\t<div class=\"elementor-element elementor-element-7371352 elementor-widget elementor-widget-text-editor\" data-id=\"7371352\" data-element_type=\"widget\" data-widget_type=\"text-editor.default\">\n\t\t\t\t\t\t\t\t\t<p>Bient\u00f4t, ici, vous pourrez partager vos retours sur le spectacle.<\/p><p>En attendant, faites-le par mail<\/p><p><a href=\"mailto:onenparle@coldcuts.fr\"><span style=\"color: #339966;\">onenparle@coldcuts.fr<\/span><\/a><\/p>\t\t\t\t\t\t\t\t<\/div>\n\t\t\t\t<div class=\"elementor-element elementor-element-ae816bb elementor-widget-divider--view-line elementor-widget elementor-widget-divider\" data-id=\"ae816bb\" data-element_type=\"widget\" data-widget_type=\"divider.default\">\n\t\t\t\t\t\t\t<div class=\"elementor-divider\">\n\t\t\t<span class=\"elementor-divider-separator\">\n\t\t\t\t\t\t<\/span>\n\t\t<\/div>\n\t\t\t\t\t\t<\/div>\n\t\t\t\t\t<\/div>\n\t\t\t\t<\/div>\n\t\t<div class=\"elementor-element elementor-element-1fb6d10 e-flex e-con-boxed e-con e-parent\" data-id=\"1fb6d10\" data-element_type=\"container\">\n\t\t\t\t\t<div class=\"e-con-inner\">\n\t\t\t\t<div class=\"elementor-element elementor-element-4ac5c2d elementor-widget elementor-widget-testimonial\" data-id=\"4ac5c2d\" data-element_type=\"widget\" data-widget_type=\"testimonial.default\">\n\t\t\t\t\t\t\t<div class=\"elementor-testimonial-wrapper\">\n\t\t\t\t\t\t\t<div class=\"elementor-testimonial-content\">\"...magistral, puissant, remarquable en tout. Les \u00e9changes ensuite \u00e9taient pr\u00e9cieux, pour d\u00e9couvrir la fabrique du texte. Je suis \u00e9pat\u00e9e par l'\u00e9quilibre que vous avez su trouver, et comment apr\u00e8s l'asphyxie on acc\u00e8de tous ensemble \u00e0 une nouvelle respiration.\"<\/div>\n\t\t\t\n\t\t\t\t\t\t<div class=\"elementor-testimonial-meta\">\n\t\t\t\t<div class=\"elementor-testimonial-meta-inner\">\n\t\t\t\t\t\n\t\t\t\t\t\t\t\t\t\t<div class=\"elementor-testimonial-details\">\n\t\t\t\t\t\t\t\t\t\t\t\t\t\t<div class=\"elementor-testimonial-name\">Marion<\/div>\n\t\t\t\t\t\t\t\t\t\t\t\t\t\t\t\t\t\t\t\t\t\t<div class=\"elementor-testimonial-job\">Enseignante<\/div>\n\t\t\t\t\t\t\t\t\t\t\t\t\t<\/div>\n\t\t\t\t\t\t\t\t\t<\/div>\n\t\t\t<\/div>\n\t\t\t\t\t<\/div>\n\t\t\t\t\t\t<\/div>\n\t\t\t\t\t<\/div>\n\t\t\t\t<\/div>\n\t\t<div class=\"elementor-element elementor-element-39dac37 e-flex e-con-boxed e-con e-parent\" data-id=\"39dac37\" data-element_type=\"container\">\n\t\t\t\t\t<div class=\"e-con-inner\">\n\t\t\t\t<div class=\"elementor-element elementor-element-d92e4d3 elementor-widget elementor-widget-spacer\" data-id=\"d92e4d3\" data-element_type=\"widget\" data-widget_type=\"spacer.default\">\n\t\t\t\t\t\t\t<div class=\"elementor-spacer\">\n\t\t\t<div class=\"elementor-spacer-inner\"><\/div>\n\t\t<\/div>\n\t\t\t\t\t\t<\/div>\n\t\t\t\t\t<\/div>\n\t\t\t\t<\/div>\n\t\t<div class=\"elementor-element elementor-element-431f477 e-flex e-con-boxed e-con e-parent\" data-id=\"431f477\" data-element_type=\"container\">\n\t\t\t\t\t<div class=\"e-con-inner\">\n\t\t\t\t<div class=\"elementor-element elementor-element-fbb0114 elementor-widget elementor-widget-testimonial\" data-id=\"fbb0114\" data-element_type=\"widget\" data-widget_type=\"testimonial.default\">\n\t\t\t\t\t\t\t<div class=\"elementor-testimonial-wrapper\">\n\t\t\t\t\t\t\t<div class=\"elementor-testimonial-content\">\"Spectacle tr\u00e8s remuant et bouleversant. L'\u00e9quipe a fait un gros travail sur le sujet. Le dispositif nous place in situ, on est immerg\u00e9, on ne peut pas \u00e9viter la prise de conscience.\" <\/div>\n\t\t\t\n\t\t\t\t\t\t<div class=\"elementor-testimonial-meta\">\n\t\t\t\t<div class=\"elementor-testimonial-meta-inner\">\n\t\t\t\t\t\n\t\t\t\t\t\t\t\t\t\t<div class=\"elementor-testimonial-details\">\n\t\t\t\t\t\t\t\t\t\t\t\t\t\t<div class=\"elementor-testimonial-name\">Corinne<\/div>\n\t\t\t\t\t\t\t\t\t\t\t\t\t\t\t\t\t\t\t<\/div>\n\t\t\t\t\t\t\t\t\t<\/div>\n\t\t\t<\/div>\n\t\t\t\t\t<\/div>\n\t\t\t\t\t\t<\/div>\n\t\t\t\t<div class=\"elementor-element elementor-element-8e2931f elementor-widget elementor-widget-spacer\" data-id=\"8e2931f\" data-element_type=\"widget\" data-widget_type=\"spacer.default\">\n\t\t\t\t\t\t\t<div class=\"elementor-spacer\">\n\t\t\t<div class=\"elementor-spacer-inner\"><\/div>\n\t\t<\/div>\n\t\t\t\t\t\t<\/div>\n\t\t\t\t\t<\/div>\n\t\t\t\t<\/div>\n\t\t<div class=\"elementor-element elementor-element-e01c1c5 e-flex e-con-boxed e-con e-parent\" data-id=\"e01c1c5\" data-element_type=\"container\">\n\t\t\t\t\t<div class=\"e-con-inner\">\n\t\t\t\t<div class=\"elementor-element elementor-element-32690be elementor-widget elementor-widget-testimonial\" data-id=\"32690be\" data-element_type=\"widget\" data-widget_type=\"testimonial.default\">\n\t\t\t\t\t\t\t<div class=\"elementor-testimonial-wrapper\">\n\t\t\t\t\t\t\t<div class=\"elementor-testimonial-content\">\"La justesse de l\u2019interpr\u00e9tation, la profondeur du texte initial, les choix d\u2019\u00e9criture et de mise en sc\u00e8ne, la tension qui s\u2019installe, font de ce travail une oeuvre rare.\"<\/div>\n\t\t\t\n\t\t\t\t\t\t<div class=\"elementor-testimonial-meta\">\n\t\t\t\t<div class=\"elementor-testimonial-meta-inner\">\n\t\t\t\t\t\n\t\t\t\t\t\t\t\t\t\t<div class=\"elementor-testimonial-details\">\n\t\t\t\t\t\t\t\t\t\t\t\t\t\t<div class=\"elementor-testimonial-name\">Patrick<\/div>\n\t\t\t\t\t\t\t\t\t\t\t\t\t\t\t\t\t\t\t\t\t\t<div class=\"elementor-testimonial-job\">Metteur en sc\u00e8ne<\/div>\n\t\t\t\t\t\t\t\t\t\t\t\t\t<\/div>\n\t\t\t\t\t\t\t\t\t<\/div>\n\t\t\t<\/div>\n\t\t\t\t\t<\/div>\n\t\t\t\t\t\t<\/div>\n\t\t\t\t\t<\/div>\n\t\t\t\t<\/div>\n\t\t\t\t<\/div>\n\t\t","protected":false},"excerpt":{"rendered":"<p>Vos retours Bient\u00f4t, ici, vous pourrez partager vos retours sur le spectacle. En attendant, faites-le par mail onenparle@coldcuts.fr \u00ab\u00a0&#8230;magistral, puissant, remarquable en tout. Les \u00e9changes ensuite \u00e9taient pr\u00e9cieux, pour d\u00e9couvrir la fabrique du texte. Je suis \u00e9pat\u00e9e par l&rsquo;\u00e9quilibre que vous avez su trouver, et comment apr\u00e8s l&rsquo;asphyxie on acc\u00e8de tous ensemble \u00e0 une nouvelle [&hellip;]<\/p>\n","protected":false},"author":1,"featured_media":0,"parent":0,"menu_order":0,"comment_status":"closed","ping_status":"closed","template":"","meta":{"footnotes":""},"class_list":["post-70","page","type-page","status-publish","hentry"],"yoast_head":"<!-- This site is optimized with the Yoast SEO plugin v26.8 - https:\/\/yoast.com\/product\/yoast-seo-wordpress\/ -->\n<title>Vos retours - Accueil<\/title>\n<meta name=\"robots\" content=\"index, follow, max-snippet:-1, max-image-preview:large, max-video-preview:-1\" \/>\n<link rel=\"canonical\" href=\"https:\/\/coldcuts.fr\/?page_id=70\" \/>\n<meta property=\"og:locale\" content=\"fr_FR\" \/>\n<meta property=\"og:type\" content=\"article\" \/>\n<meta property=\"og:title\" content=\"Vos retours - Accueil\" \/>\n<meta property=\"og:description\" content=\"Vos retours Bient\u00f4t, ici, vous pourrez partager vos retours sur le spectacle. En attendant, faites-le par mail onenparle@coldcuts.fr \u00ab\u00a0&#8230;magistral, puissant, remarquable en tout. Les \u00e9changes ensuite \u00e9taient pr\u00e9cieux, pour d\u00e9couvrir la fabrique du texte. Je suis \u00e9pat\u00e9e par l&rsquo;\u00e9quilibre que vous avez su trouver, et comment apr\u00e8s l&rsquo;asphyxie on acc\u00e8de tous ensemble \u00e0 une nouvelle [&hellip;]\" \/>\n<meta property=\"og:url\" content=\"https:\/\/coldcuts.fr\/?page_id=70\" \/>\n<meta property=\"og:site_name\" content=\"Accueil\" \/>\n<meta property=\"article:modified_time\" content=\"2026-04-17T09:20:40+00:00\" \/>\n<meta name=\"twitter:card\" content=\"summary_large_image\" \/>\n<meta name=\"twitter:label1\" content=\"Dur\u00e9e de lecture estim\u00e9e\" \/>\n\t<meta name=\"twitter:data1\" content=\"1 minute\" \/>\n<script type=\"application\/ld+json\" class=\"yoast-schema-graph\">{\"@context\":\"https:\/\/schema.org\",\"@graph\":[{\"@type\":\"WebPage\",\"@id\":\"https:\/\/coldcuts.fr\/?page_id=70\",\"url\":\"https:\/\/coldcuts.fr\/?page_id=70\",\"name\":\"Vos retours - Accueil\",\"isPartOf\":{\"@id\":\"https:\/\/coldcuts.fr\/#website\"},\"datePublished\":\"2025-11-21T21:45:53+00:00\",\"dateModified\":\"2026-04-17T09:20:40+00:00\",\"breadcrumb\":{\"@id\":\"https:\/\/coldcuts.fr\/?page_id=70#breadcrumb\"},\"inLanguage\":\"fr-FR\",\"potentialAction\":[{\"@type\":\"ReadAction\",\"target\":[\"https:\/\/coldcuts.fr\/?page_id=70\"]}]},{\"@type\":\"BreadcrumbList\",\"@id\":\"https:\/\/coldcuts.fr\/?page_id=70#breadcrumb\",\"itemListElement\":[{\"@type\":\"ListItem\",\"position\":1,\"name\":\"Accueil\",\"item\":\"https:\/\/coldcuts.fr\/\"},{\"@type\":\"ListItem\",\"position\":2,\"name\":\"Vos retours\"}]},{\"@type\":\"WebSite\",\"@id\":\"https:\/\/coldcuts.fr\/#website\",\"url\":\"https:\/\/coldcuts.fr\/\",\"name\":\"Cold Cuts\",\"description\":\"\",\"publisher\":{\"@id\":\"https:\/\/coldcuts.fr\/#organization\"},\"potentialAction\":[{\"@type\":\"SearchAction\",\"target\":{\"@type\":\"EntryPoint\",\"urlTemplate\":\"https:\/\/coldcuts.fr\/?s={search_term_string}\"},\"query-input\":{\"@type\":\"PropertyValueSpecification\",\"valueRequired\":true,\"valueName\":\"search_term_string\"}}],\"inLanguage\":\"fr-FR\"},{\"@type\":\"Organization\",\"@id\":\"https:\/\/coldcuts.fr\/#organization\",\"name\":\"Cold Cuts\",\"url\":\"https:\/\/coldcuts.fr\/\",\"logo\":{\"@type\":\"ImageObject\",\"inLanguage\":\"fr-FR\",\"@id\":\"https:\/\/coldcuts.fr\/#\/schema\/logo\/image\/\",\"url\":\"https:\/\/coldcuts.fr\/wp-content\/uploads\/2026\/02\/cropped-COLDCUTS-260106-A4-WEB.jpg\",\"contentUrl\":\"https:\/\/coldcuts.fr\/wp-content\/uploads\/2026\/02\/cropped-COLDCUTS-260106-A4-WEB.jpg\",\"width\":1409,\"height\":1425,\"caption\":\"Cold Cuts\"},\"image\":{\"@id\":\"https:\/\/coldcuts.fr\/#\/schema\/logo\/image\/\"}}]}<\/script>\n<!-- \/ Yoast SEO plugin. -->","yoast_head_json":{"title":"Vos retours - Accueil","robots":{"index":"index","follow":"follow","max-snippet":"max-snippet:-1","max-image-preview":"max-image-preview:large","max-video-preview":"max-video-preview:-1"},"canonical":"https:\/\/coldcuts.fr\/?page_id=70","og_locale":"fr_FR","og_type":"article","og_title":"Vos retours - Accueil","og_description":"Vos retours Bient\u00f4t, ici, vous pourrez partager vos retours sur le spectacle. En attendant, faites-le par mail onenparle@coldcuts.fr \u00ab\u00a0&#8230;magistral, puissant, remarquable en tout. Les \u00e9changes ensuite \u00e9taient pr\u00e9cieux, pour d\u00e9couvrir la fabrique du texte. Je suis \u00e9pat\u00e9e par l&rsquo;\u00e9quilibre que vous avez su trouver, et comment apr\u00e8s l&rsquo;asphyxie on acc\u00e8de tous ensemble \u00e0 une nouvelle [&hellip;]","og_url":"https:\/\/coldcuts.fr\/?page_id=70","og_site_name":"Accueil","article_modified_time":"2026-04-17T09:20:40+00:00","twitter_card":"summary_large_image","twitter_misc":{"Dur\u00e9e de lecture estim\u00e9e":"1 minute"},"schema":{"@context":"https:\/\/schema.org","@graph":[{"@type":"WebPage","@id":"https:\/\/coldcuts.fr\/?page_id=70","url":"https:\/\/coldcuts.fr\/?page_id=70","name":"Vos retours - Accueil","isPartOf":{"@id":"https:\/\/coldcuts.fr\/#website"},"datePublished":"2025-11-21T21:45:53+00:00","dateModified":"2026-04-17T09:20:40+00:00","breadcrumb":{"@id":"https:\/\/coldcuts.fr\/?page_id=70#breadcrumb"},"inLanguage":"fr-FR","potentialAction":[{"@type":"ReadAction","target":["https:\/\/coldcuts.fr\/?page_id=70"]}]},{"@type":"BreadcrumbList","@id":"https:\/\/coldcuts.fr\/?page_id=70#breadcrumb","itemListElement":[{"@type":"ListItem","position":1,"name":"Accueil","item":"https:\/\/coldcuts.fr\/"},{"@type":"ListItem","position":2,"name":"Vos retours"}]},{"@type":"WebSite","@id":"https:\/\/coldcuts.fr\/#website","url":"https:\/\/coldcuts.fr\/","name":"Cold Cuts","description":"","publisher":{"@id":"https:\/\/coldcuts.fr\/#organization"},"potentialAction":[{"@type":"SearchAction","target":{"@type":"EntryPoint","urlTemplate":"https:\/\/coldcuts.fr\/?s={search_term_string}"},"query-input":{"@type":"PropertyValueSpecification","valueRequired":true,"valueName":"search_term_string"}}],"inLanguage":"fr-FR"},{"@type":"Organization","@id":"https:\/\/coldcuts.fr\/#organization","name":"Cold Cuts","url":"https:\/\/coldcuts.fr\/","logo":{"@type":"ImageObject","inLanguage":"fr-FR","@id":"https:\/\/coldcuts.fr\/#\/schema\/logo\/image\/","url":"https:\/\/coldcuts.fr\/wp-content\/uploads\/2026\/02\/cropped-COLDCUTS-260106-A4-WEB.jpg","contentUrl":"https:\/\/coldcuts.fr\/wp-content\/uploads\/2026\/02\/cropped-COLDCUTS-260106-A4-WEB.jpg","width":1409,"height":1425,"caption":"Cold Cuts"},"image":{"@id":"https:\/\/coldcuts.fr\/#\/schema\/logo\/image\/"}}]}},"_links":{"self":[{"href":"https:\/\/coldcuts.fr\/index.php?rest_route=\/wp\/v2\/pages\/70","targetHints":{"allow":["GET"]}}],"collection":[{"href":"https:\/\/coldcuts.fr\/index.php?rest_route=\/wp\/v2\/pages"}],"about":[{"href":"https:\/\/coldcuts.fr\/index.php?rest_route=\/wp\/v2\/types\/page"}],"author":[{"embeddable":true,"href":"https:\/\/coldcuts.fr\/index.php?rest_route=\/wp\/v2\/users\/1"}],"replies":[{"embeddable":true,"href":"https:\/\/coldcuts.fr\/index.php?rest_route=%2Fwp%2Fv2%2Fcomments&post=70"}],"version-history":[{"count":26,"href":"https:\/\/coldcuts.fr\/index.php?rest_route=\/wp\/v2\/pages\/70\/revisions"}],"predecessor-version":[{"id":804,"href":"https:\/\/coldcuts.fr\/index.php?rest_route=\/wp\/v2\/pages\/70\/revisions\/804"}],"wp:attachment":[{"href":"https:\/\/coldcuts.fr\/index.php?rest_route=%2Fwp%2Fv2%2Fmedia&parent=70"}],"curies":[{"name":"wp","href":"https:\/\/api.w.org\/{rel}","templated":true}]}}